{"id":210,"date":"2024-06-18T16:22:39","date_gmt":"2024-06-18T14:22:39","guid":{"rendered":"https:\/\/justine-time.com\/?page_id=210"},"modified":"2024-06-28T11:32:03","modified_gmt":"2024-06-28T09:32:03","slug":"mentions-legales","status":"publish","type":"page","link":"https:\/\/justine-time.com\/index.php\/mentions-legales\/","title":{"rendered":"Mentions l\u00e9gales"},"content":{"rendered":"<p>[et_pb_section fb_built=\u00a0\u00bb1&Prime; fullwidth=\u00a0\u00bbon\u00a0\u00bb _builder_version=\u00a0\u00bb4.25.1&Prime; _module_preset=\u00a0\u00bbdefault\u00a0\u00bb locked=\u00a0\u00bboff\u00a0\u00bb global_colors_info=\u00a0\u00bb{}\u00a0\u00bb][et_pb_fullwidth_slider _builder_version=\u00a0\u00bb4.25.1&Prime; _module_preset=\u00a0\u00bbdefault\u00a0\u00bb height=\u00a0\u00bb600px\u00a0\u00bb global_colors_info=\u00a0\u00bb{}\u00a0\u00bb][et_pb_slide _builder_version=\u00a0\u00bb4.25.1&Prime; _module_preset=\u00a0\u00bbdefault\u00a0\u00bb background_enable_color=\u00a0\u00bboff\u00a0\u00bb background_image=\u00a0\u00bbhttps:\/\/justine-time.com\/wp-content\/uploads\/2024\/06\/Justine-Time-Banniere-6-scaled.jpeg\u00a0\u00bb background_enable_image=\u00a0\u00bbon\u00a0\u00bb parallax=\u00a0\u00bbon\u00a0\u00bb global_colors_info=\u00a0\u00bb{}\u00a0\u00bb sticky_transition=\u00a0\u00bbon\u00a0\u00bb][\/et_pb_slide][\/et_pb_fullwidth_slider][\/et_pb_section][et_pb_section fb_built=\u00a0\u00bb1&Prime; admin_label=\u00a0\u00bbHeader &#038; Contact Info\u00a0\u00bb _builder_version=\u00a0\u00bb4.22.0&Prime; _module_preset=\u00a0\u00bbdefault\u00a0\u00bb background_color=\u00a0\u00bbgcid-86e0e939-2c75-4117-936f-1ddaf39f4182&Prime; collapsed=\u00a0\u00bbon\u00a0\u00bb global_colors_info=\u00a0\u00bb{%22gcid-86e0e939-2c75-4117-936f-1ddaf39f4182%22:%91%22background_color%22%93}\u00a0\u00bb][et_pb_row use_custom_gutter=\u00a0\u00bbon\u00a0\u00bb make_equal=\u00a0\u00bbon\u00a0\u00bb _builder_version=\u00a0\u00bb4.25.1&Prime; _module_preset=\u00a0\u00bbdefault\u00a0\u00bb global_colors_info=\u00a0\u00bb{}\u00a0\u00bb][et_pb_column type=\u00a0\u00bb4_4&Prime; _builder_version=\u00a0\u00bb4.22.0&Prime; _module_preset=\u00a0\u00bbdefault\u00a0\u00bb global_colors_info=\u00a0\u00bb{}\u00a0\u00bb][et_pb_text _builder_version=\u00a0\u00bb4.25.1&Prime; _module_preset=\u00a0\u00bb39711742-809b-4c80-811f-63b91cf2d4bb\u00a0\u00bb header_4_text_color=\u00a0\u00bbgcid-9e45d964-2d43-42f1-8052-a1700ad1fc8d\u00a0\u00bb global_colors_info=\u00a0\u00bb{%22gcid-9e45d964-2d43-42f1-8052-a1700ad1fc8d%22:%91%22header_4_text_color%22%93}\u00a0\u00bb]<\/p>\n<h4>Justine Time<\/h4>\n<p>[\/et_pb_text][et_pb_text _builder_version=\u00a0\u00bb4.25.1&Prime; _module_preset=\u00a0\u00bb05d4c5c9-076e-4e53-ad88-388b7f1bcaa1&Prime; header_font_size=\u00a0\u00bb40px\u00a0\u00bb custom_margin=\u00a0\u00bb||1px|||\u00a0\u00bb global_colors_info=\u00a0\u00bb{}\u00a0\u00bb]<\/p>\n<h1><strong>Mentions l\u00e9gales<\/strong><\/h1>\n<p>[\/et_pb_text][et_pb_text _builder_version=\u00a0\u00bb4.25.1&Prime; _module_preset=\u00a0\u00bbdefault\u00a0\u00bb global_colors_info=\u00a0\u00bb{}\u00a0\u00bb]<\/p>\n<section class=\"elementor-section elementor-top-section elementor-element elementor-element-d73679d elementor-section-boxed elementor-section-height-default elementor-section-height-default wpr-particle-no wpr-jarallax-no wpr-parallax-no wpr-sticky-section-no\" data-id=\"d73679d\" data-element_type=\"section\">\n<div class=\"elementor-container elementor-column-gap-default\">\n<div class=\"elementor-column elementor-col-100 elementor-top-column elementor-element elementor-element-04384ec\" data-id=\"04384ec\" data-element_type=\"column\">\n<div class=\"elementor-widget-wrap elementor-element-populated\">\n<div class=\"elementor-element elementor-element-06f32a6 elementor-widget elementor-widget-text-editor\" data-id=\"06f32a6\" data-element_type=\"widget\" data-widget_type=\"text-editor.default\">\n<div class=\"elementor-widget-container\">\n<p><strong>\u00c9diteur du site<\/strong><\/p>\n<p>Ce site web est accessible par les utilisateurs \u00e0 l\u2019adresse URL suivante : https:\/\/justine-time.com\/<\/p>\n<p>Propri\u00e9taire : D AMICO JUSTINE<\/p>\n<p>Forme juridique : Entrepreneur individuel<\/p>\n<p>Si\u00e8ge social : 3098 ROUTE DE GRASSE &#8211; 06620 GREOLIERES<\/p>\n<p>N\u00b0 Immatriculation RCS : 820 097 392 R.C.S. Grasse<\/p>\n<p>Num\u00e9ro de TVA : FR96820097392<\/p>\n<p>Num\u00e9ro de t\u00e9l\u00e9phone : <span style=\"font-weight: 400;\">07 66 26 13 08 <\/span><\/p>\n<p>Adresse e-mail : <span style=\"font-weight: 400;\">contact@justine-time.com<\/span><\/p>\n<p><b>Cr\u00e9ateur du site<\/b><\/p>\n<p>Nom de l\u2019entreprise :<span>\u00a0<\/span><a href=\"https:\/\/odace-france.fr\/\" target=\"_blank\" rel=\"noopener\">Odace-France<\/a><\/p>\n<p>Si\u00e8ge social : 1300 Rte de l\u2019A\u00e9rodrome, 84140 Avignon<\/p>\n<p>Num\u00e9ro de t\u00e9l\u00e9phone : +33 9 87 01 52 68<\/p>\n<p><b>H\u00e9bergeur du site<\/b><\/p>\n<p>Raison sociale : Ionos<\/p>\n<p>Si\u00e8ge social : 7 PLACE DE LA GARE 57200 SARREGUEMINES<\/p>\n<p>Contact de la soci\u00e9t\u00e9 :<span>\u00a0<\/span><a href=\"https:\/\/www.ionos.fr\/\" target=\"_blank\" rel=\"noopener\">https:\/\/www.ionos.fr\/<\/a><\/p>\n<p><b>Droit applicable<\/b><\/p>\n<p>La pr\u00e9sente notice l\u00e9gale et l\u2019ensemble de notre site rel\u00e8ve du droit fran\u00e7ais et toute difficult\u00e9 sera tranch\u00e9e par le ressort de la juridiction du lieu du si\u00e8ge social.<\/p>\n<p><b>Mise \u00e0 jour<\/b><\/p>\n<p>Nous nous r\u00e9servons le droit de modifier la pr\u00e9sentation et le contenu des pr\u00e9sentes mentions l\u00e9gales. Les mentions l\u00e9gales en vigueur sont celles accessibles sur le site web ou tout autre espace num\u00e9rique le jour de<br \/>votre visite.<\/p>\n<\/div>\n<\/div>\n<\/div>\n<\/div>\n<\/div>\n<\/section>\n<p>[\/et_pb_text][et_pb_image src=\u00a0\u00bbhttps:\/\/justine-time.com\/wp-content\/uploads\/2024\/06\/Food_Co-op_Icon-14-3.png\u00a0\u00bb title_text=\u00a0\u00bbFood_Co-op_Icon 14&Prime; _builder_version=\u00a0\u00bb4.22.0&Prime; _module_preset=\u00a0\u00bbdefault\u00a0\u00bb max_width=\u00a0\u00bb32px\u00a0\u00bb max_height=\u00a0\u00bb32px\u00a0\u00bb custom_margin=\u00a0\u00bb||10px||false|false\u00a0\u00bb global_colors_info=\u00a0\u00bb{}\u00a0\u00bb][\/et_pb_image][et_pb_text _builder_version=\u00a0\u00bb4.25.1&Prime; _module_preset=\u00a0\u00bbdaf8962d-2a5d-4bf9-bceb-6bf29bf8ed77&Prime; custom_margin=\u00a0\u00bb||||false|false\u00a0\u00bb global_colors_info=\u00a0\u00bb{}\u00a0\u00bb]<\/p>\n<h4><strong><a href=\"mailto:contact@justine-time.com\">contact@justine-time.com<\/a><\/strong><\/h4>\n<p>[\/et_pb_text][et_pb_image src=\u00a0\u00bbhttps:\/\/justine-time.com\/wp-content\/uploads\/2024\/06\/Food_Co-op_Icon-15-3.png\u00a0\u00bb title_text=\u00a0\u00bbFood_Co-op_Icon 15&Prime; _builder_version=\u00a0\u00bb4.22.0&Prime; _module_preset=\u00a0\u00bbdefault\u00a0\u00bb max_width=\u00a0\u00bb32px\u00a0\u00bb max_height=\u00a0\u00bb32px\u00a0\u00bb custom_margin=\u00a0\u00bb||10px||false|false\u00a0\u00bb global_colors_info=\u00a0\u00bb{}\u00a0\u00bb][\/et_pb_image][et_pb_text _builder_version=\u00a0\u00bb4.25.1&Prime; _module_preset=\u00a0\u00bbdaf8962d-2a5d-4bf9-bceb-6bf29bf8ed77&Prime; custom_margin=\u00a0\u00bb||||false|false\u00a0\u00bb global_colors_info=\u00a0\u00bb{}\u00a0\u00bb]<\/p>\n<h4><strong>07 66 26 13 08<\/strong><\/h4>\n<p>[\/et_pb_text][et_pb_image src=\u00a0\u00bbhttps:\/\/justine-time.com\/wp-content\/uploads\/2024\/06\/Food_Co-op_Icon-16-3.png\u00a0\u00bb title_text=\u00a0\u00bbFood_Co-op_Icon 16&Prime; _builder_version=\u00a0\u00bb4.22.0&Prime; _module_preset=\u00a0\u00bbdefault\u00a0\u00bb max_width=\u00a0\u00bb32px\u00a0\u00bb max_height=\u00a0\u00bb32px\u00a0\u00bb custom_margin=\u00a0\u00bb||10px||false|false\u00a0\u00bb global_colors_info=\u00a0\u00bb{}\u00a0\u00bb][\/et_pb_image][et_pb_text _builder_version=\u00a0\u00bb4.25.1&Prime; _module_preset=\u00a0\u00bbdaf8962d-2a5d-4bf9-bceb-6bf29bf8ed77&Prime; custom_margin=\u00a0\u00bb||||false|false\u00a0\u00bb global_colors_info=\u00a0\u00bb{}\u00a0\u00bb]<\/p>\n<h4><strong>ALPES MARITIME &#8211; VAR &#8211; MONTAUROUX <\/strong><\/h4>\n<p>[\/et_pb_text][\/et_pb_column][\/et_pb_row][\/et_pb_section]<\/p>\n","protected":false},"excerpt":{"rendered":"<p>Justine TimeMentions l\u00e9gales \u00c9diteur du site Ce site web est accessible par les utilisateurs \u00e0 l\u2019adresse URL suivante : https:\/\/justine-time.com\/ Propri\u00e9taire : D AMICO JUSTINE Forme juridique : Entrepreneur individuel Si\u00e8ge social : 3098 ROUTE DE GRASSE &#8211; 06620 GREOLIERES N\u00b0 Immatriculation RCS : 820 097 392 R.C.S. Grasse Num\u00e9ro de TVA : FR96820097392 Num\u00e9ro [&hellip;]<\/p>\n","protected":false},"author":1,"featured_media":0,"parent":0,"menu_order":0,"comment_status":"closed","ping_status":"closed","template":"","meta":{"_et_pb_use_builder":"on","_et_pb_old_content":"","_et_gb_content_width":"","footnotes":""},"class_list":["post-210","page","type-page","status-publish","hentry"],"_links":{"self":[{"href":"https:\/\/justine-time.com\/index.php\/wp-json\/wp\/v2\/pages\/210","targetHints":{"allow":["GET"]}}],"collection":[{"href":"https:\/\/justine-time.com\/index.php\/wp-json\/wp\/v2\/pages"}],"about":[{"href":"https:\/\/justine-time.com\/index.php\/wp-json\/wp\/v2\/types\/page"}],"author":[{"embeddable":true,"href":"https:\/\/justine-time.com\/index.php\/wp-json\/wp\/v2\/users\/1"}],"replies":[{"embeddable":true,"href":"https:\/\/justine-time.com\/index.php\/wp-json\/wp\/v2\/comments?post=210"}],"version-history":[{"count":3,"href":"https:\/\/justine-time.com\/index.php\/wp-json\/wp\/v2\/pages\/210\/revisions"}],"predecessor-version":[{"id":231,"href":"https:\/\/justine-time.com\/index.php\/wp-json\/wp\/v2\/pages\/210\/revisions\/231"}],"wp:attachment":[{"href":"https:\/\/justine-time.com\/index.php\/wp-json\/wp\/v2\/media?parent=210"}],"curies":[{"name":"wp","href":"https:\/\/api.w.org\/{rel}","templated":true}]}}